{"id":2022,"date":"2025-07-22T01:06:25","date_gmt":"2025-07-22T01:06:25","guid":{"rendered":"https:\/\/apeironoils.com\/san-pham\/hydraulic-oil-aw"},"modified":"2025-12-05T17:42:04","modified_gmt":"2025-12-05T17:42:04","slug":"hydraulic-oil-aw","status":"publish","type":"product","link":"https:\/\/apeironoils.com\/vi\/san-pham\/hydraulic-oil-aw","title":{"rendered":"Hydraulic Oil AW"},"content":{"rendered":"<p data-start=\"111\" data-end=\"356\"><strong data-start=\"111\" data-end=\"130\">M\u00f4 t\u1ea3 s\u1ea3n ph\u1ea9m:<\/strong><br data-start=\"130\" data-end=\"133\" \/>APEIRON HYDRAULIC OIL AW 68 l\u00e0 d\u1ea7u th\u1ee7y l\u1ef1c \u0111a d\u1ee5ng cao c\u1ea5p \u0111\u01b0\u1ee3c s\u1ea3n xu\u1ea5t t\u1eeb d\u1ea7u g\u1ed1c nh\u00f3m II k\u1ebft h\u1ee3p v\u1edbi h\u1ec7 ph\u1ee5 gia ch\u1ed1ng m\u00e0i m\u00f2n, t\u00e1ch nh\u0169, ch\u1ed1ng t\u1ea1o b\u1ecdt ch\u1ea5t l\u01b0\u1ee3ng cao, mang l\u1ea1i hi\u1ec7u su\u1ea5t t\u1ed1i \u01b0u cho c\u00e1c h\u1ec7 th\u1ed1ng th\u1ee7y l\u1ef1c.<\/p>\n<p data-start=\"363\" data-end=\"560\"><strong data-start=\"363\" data-end=\"378\">Ti\u00eau chu\u1ea9n:<\/strong><br data-start=\"378\" data-end=\"381\" \/>\u2013 ISO VG 68<br data-start=\"392\" data-end=\"395\" \/>\u2013 ISO 4406:2021 (Fluid cleanliness)<br data-start=\"430\" data-end=\"433\" \/>\u2013 DIN 51524-2<br data-start=\"446\" data-end=\"449\" \/>\u2013 Eaton Brochure 03-401-2010<br data-start=\"477\" data-end=\"480\" \/>\u2013 Fives Cincinnati P-69<br data-start=\"503\" data-end=\"506\" \/>\u2013 ISO 11158 (HM)<br data-start=\"522\" data-end=\"525\" \/>\u2013 Parker Denison HF-0, HF-1, HF-2<\/p>\n<p data-start=\"567\" data-end=\"1024\"><strong data-start=\"567\" data-end=\"592\">T\u00ednh n\u0103ng v\u00e0 \u01b0u \u0111i\u1ec3m:<\/strong><br data-start=\"592\" data-end=\"595\" \/>\u2013 Ch\u1ed1ng m\u00e0i m\u00f2n v\u01b0\u1ee3t tr\u1ed9i, b\u1ea3o v\u1ec7 b\u01a1m v\u00e0 c\u00e1c b\u1ed9 ph\u1eadn chuy\u1ec3n \u0111\u1ed9ng trong h\u1ec7 th\u1ed1ng th\u1ee7y l\u1ef1c.<br data-start=\"684\" data-end=\"687\" \/>\u2013 T\u00e1ch nh\u0169 hi\u1ec7u qu\u1ea3, ch\u1ed1ng l\u1ea1i s\u1ef1 x\u00e2m th\u1ef1c c\u1ee7a n\u01b0\u1edbc, h\u1ea1n ch\u1ebf g\u1ec9 s\u00e9t v\u00e0 \u0103n m\u00f2n.<br data-start=\"765\" data-end=\"768\" \/>\u2013 \u1ed4n \u0111\u1ecbnh nhi\u1ec7t v\u00e0 kh\u1ea3 n\u0103ng ch\u1ed1ng oxy h\u00f3a cao, ng\u0103n ng\u1eeba h\u00ecnh th\u00e0nh c\u1eb7n b\u1ea9n, gi\u1eef cho h\u1ec7 th\u1ed1ng lu\u00f4n s\u1ea1ch s\u1ebd.<br data-start=\"875\" data-end=\"878\" \/>\u2013 Kh\u1ea3 n\u0103ng \u1ee9c ch\u1ebf g\u1ec9 s\u00e9t, k\u00e9o d\u00e0i tu\u1ed5i th\u1ecd thi\u1ebft b\u1ecb v\u00e0 d\u1ea7u.<br data-start=\"937\" data-end=\"940\" \/>\u2013 Ch\u1ed1ng t\u1ea1o b\u1ecdt hi\u1ec7u qu\u1ea3, duy tr\u00ec \u00e1p su\u1ea5t \u1ed5n \u0111\u1ecbnh, h\u1ea1n ch\u1ebf s\u1ef1 c\u1ed1 v\u1eadn h\u00e0nh nguy hi\u1ec3m.<\/p>\n<p data-start=\"1031\" data-end=\"1284\"><strong data-start=\"1031\" data-end=\"1044\">\u1ee8ng d\u1ee5ng:<\/strong><br data-start=\"1044\" data-end=\"1047\" \/>\u2013 C\u00e1c h\u1ec7 th\u1ed1ng th\u1ee7y l\u1ef1c c\u00f4ng nghi\u1ec7p c\u00f3 nhi\u1ec7t \u0111\u1ed9 m\u00f4i tr\u01b0\u1eddng kh\u00f4ng qu\u00e1 cao.<br data-start=\"1120\" data-end=\"1123\" \/>\u2013 H\u1ec7 th\u1ed1ng th\u1ee7y l\u1ef1c tr\u00ean m\u00e1y m\u00f3c, thi\u1ebft b\u1ecb di \u0111\u1ed9ng nh\u01b0 m\u00e1y x\u00fac, m\u00e1y c\u1ea9u, xe c\u00f4ng tr\u00ecnh\u2026<br data-start=\"1210\" data-end=\"1213\" \/>\u2013 H\u1ec7 th\u1ed1ng th\u1ee7y l\u1ef1c h\u00e0ng h\u1ea3i nh\u01b0 t\u00e0u th\u1ee7y, t\u00e0u \u0111\u00e1nh c\u00e1, t\u00e0u v\u1eadn chuy\u1ec3n\u2026<\/p>\n<p data-start=\"1291\" data-end=\"1344\"><strong data-start=\"1291\" data-end=\"1303\">\u0110\u1ed9 nh\u1edbt:<\/strong> ISO VG 68<br data-start=\"1313\" data-end=\"1316\" \/><strong data-start=\"1316\" data-end=\"1330\">Dung t\u00edch:<\/strong> 200L (20\u00b0C)<\/p>\n<p data-start=\"1351\" data-end=\"1611\"><strong data-start=\"1351\" data-end=\"1374\">Th\u00f4ng tin c\u1ea3nh b\u00e1o:<\/strong><br data-start=\"1374\" data-end=\"1377\" \/>\u2013 B\u1ea3o qu\u1ea3n n\u01a1i kh\u00f4 r\u00e1o, tr\u00e1nh xa ngu\u1ed3n nhi\u1ec7t v\u00e0 \u00e1nh n\u1eafng tr\u1ef1c ti\u1ebfp.<br data-start=\"1444\" data-end=\"1447\" \/>\u2013 Tr\u00e1nh xa t\u1ea7m tay tr\u1ebb em. Kh\u00f4ng \u0111\u01b0\u1ee3c u\u1ed1ng.<br data-start=\"1490\" data-end=\"1493\" \/>\u2013 Tuy\u1ec7t \u0111\u1ed1i kh\u00f4ng x\u1ea3 th\u1ea3i ra m\u00f4i tr\u01b0\u1eddng nh\u01b0 \u0111\u1ea5t, ngu\u1ed3n n\u01b0\u1edbc, c\u1ed1ng r\u00e3nh.<br data-start=\"1564\" data-end=\"1567\" \/>\u2013 Thu gom d\u1ea7u th\u1ea3i \u0111\u00fang quy \u0111\u1ecbnh m\u00f4i tr\u01b0\u1eddng.<\/p>\n<p data-start=\"1618\" data-end=\"1782\"><strong data-start=\"1618\" data-end=\"1647\">S\u1ea3n xu\u1ea5t v\u00e0 \u0111\u00f3ng g\u00f3i b\u1edfi:<\/strong><br data-start=\"1647\" data-end=\"1650\" \/>C\u00f4ng ty TNHH Apeiron Oils Vi\u1ec7t Nam<br data-start=\"1684\" data-end=\"1687\" \/><strong data-start=\"1687\" data-end=\"1707\">\u0110\u1ecba ch\u1ec9 website:<\/strong> <a class=\"cursor-pointer\" target=\"_new\" rel=\"noopener\" data-start=\"1708\" data-end=\"1755\">apeironoils.com.vn<\/a><br data-start=\"1755\" data-end=\"1758\" \/><strong data-start=\"1758\" data-end=\"1770\">Hotline:<\/strong> 1800 6149<\/p>\n<p data-start=\"1784\" data-end=\"1827\"><strong data-start=\"1784\" data-end=\"1809\">Technical Data Sheet:<\/strong> TCCS: 020\/2025-AO<\/p>\n","protected":false},"excerpt":{"rendered":"<div>\u0110\u1ed9 nh\u1edbt: ISO VG 32, 46, 68, 100, 150<\/div>\n<div><\/div>\n<div>Th\u00f4ng s\u1ed1 k\u1ef9 thu\u1eadt: xem th\u00f4ng tin tr\u00ean nh\u00e3n b\u00ean d\u01b0\u1edbi<\/div>\n<div><\/div>\n<div>\u0110\u00f3ng g\u00f3i: 18L, 200L, 1000L<\/div>\n","protected":false},"featured_media":2019,"comment_status":"open","ping_status":"closed","template":"","meta":[],"product_cat":[125,126],"product_tag":[],"class_list":["post-2022","product","type-product","status-publish","has-post-thumbnail","hentry","product_cat-industrial-products-2","product_cat-san-pham-cong-nghiep"],"_links":{"self":[{"href":"https:\/\/apeironoils.com\/vi\/wp-json\/wp\/v2\/product\/2022","targetHints":{"allow":["GET"]}}],"collection":[{"href":"https:\/\/apeironoils.com\/vi\/wp-json\/wp\/v2\/product"}],"about":[{"href":"https:\/\/apeironoils.com\/vi\/wp-json\/wp\/v2\/types\/product"}],"replies":[{"embeddable":true,"href":"https:\/\/apeironoils.com\/vi\/wp-json\/wp\/v2\/comments?post=2022"}],"wp:featuredmedia":[{"embeddable":true,"href":"https:\/\/apeironoils.com\/vi\/wp-json\/wp\/v2\/media\/2019"}],"wp:attachment":[{"href":"https:\/\/apeironoils.com\/vi\/wp-json\/wp\/v2\/media?parent=2022"}],"wp:term":[{"taxonomy":"product_cat","embeddable":true,"href":"https:\/\/apeironoils.com\/vi\/wp-json\/wp\/v2\/product_cat?post=2022"},{"taxonomy":"product_tag","embeddable":true,"href":"https:\/\/apeironoils.com\/vi\/wp-json\/wp\/v2\/product_tag?post=2022"}],"curies":[{"name":"wp","href":"https:\/\/api.w.org\/{rel}","templated":true}]}}