{"id":2055,"date":"2025-07-25T23:45:34","date_gmt":"2025-07-25T23:45:34","guid":{"rendered":"https:\/\/apeironoils.com\/?post_type=product&#038;p=2055"},"modified":"2025-12-30T09:53:26","modified_gmt":"2025-12-30T09:53:26","slug":"cf-4-15w-40-dau-dong-co-diesel-hieu-suat-cao","status":"publish","type":"product","link":"https:\/\/apeironoils.com\/vi\/san-pham\/cf-4-15w-40-dau-dong-co-diesel-hieu-suat-cao","title":{"rendered":"CF-4 , 15W-40, HIGH PERFORMANCE DIESEL ENGINE OIL"},"content":{"rendered":"\t<section class=\"section\" id=\"section_1899781020\">\n\t\t<div class=\"bg section-bg fill bg-fill bg-loaded bg-loaded\" >\n\n\t\t\t\n\t\t\t\n\t\t\t\n\n\t\t<\/div>\n\n\t\t\n\n\t\t<div class=\"section-content relative\">\n\t\t\t\n<div class=\"row\"  id=\"row-1524080972\">\n\n\t<div id=\"col-1340450981\" class=\"col small-12 large-12\"  >\n\t\t\t\t<div class=\"col-inner\"  >\n\t\t\t\n\t\t\t\n\t<div id=\"text-3422340640\" class=\"text\">\n\t\t\n<h2>WHY YOU LOVE IT<\/h2>\n<p><span class=\"a_GcMg\">CF-4 \u0111\u01b0\u1ee3c thi\u1ebft k\u1ebf d\u00e0nh cho nh\u1eefng d\u00f2ng xe t\u1ea3i \u0111\u1eddi c\u0169 nh\u01b0ng v\u1eabn ho\u1ea1t \u0111\u1ed9ng n\u1eb7ng<\/span><span class=\"a_GcMg\"><br \/>\n<\/span><span class=\"a_GcMg\">nh\u1ecdc m\u1ed7i ng\u00e0y \u2013 v\u00e0 \u0111\u00f3 l\u00e0 l\u00fd do s\u1ea3n ph\u1ea9m n\u00e0y \u0111\u01b0\u1ee3c t\u1ea1o ra cho b\u1ea1n.<\/span><\/p>\n\t\t\n<style>\n#text-3422340640 {\n  text-align: center;\n}\n<\/style>\n\t<\/div>\n\t\n<div class=\"row\"  id=\"row-860078869\">\n\n\t<div id=\"col-1386270822\" class=\"col medium-6 small-12 large-6\"  >\n\t\t\t\t<div class=\"col-inner\"  >\n\t\t\t\n\t\t\t\n<p class=\"J4GZTQ\"><span class=\"a_GcMg\">\u2714 \u00a0B\u1ea3o v\u1ec7 \u0111\u1ed9ng c\u01a1, v\u1eadn h\u00e0nh \u00eam \u00e1i<\/span><\/p>\n<p class=\"J4GZTQ\"><span class=\"a_GcMg\">\u2714 Gi\u1eef \u0111\u1ed9ng c\u01a1 s\u1ea1ch h\u01a1n, m\u00e1t h\u01a1n<\/span><\/p>\n\t\t<\/div>\n\t\t\t\t\t<\/div>\n\n\t\n\n\t<div id=\"col-649621274\" class=\"col medium-6 small-12 large-6\"  >\n\t\t\t\t<div class=\"col-inner\"  >\n\t\t\t\n\t\t\t\n<p class=\"J4GZTQ\"><span class=\"a_GcMg\">\u2714 Gi\u00fap \u0111\u1ed9ng c\u01a1 b\u1ec1n b\u1ec9, ho\u1ea1t \u0111\u1ed9ng \u1ed5n \u0111\u1ecbnh l\u00e2u d\u00e0i<\/span><\/p>\n<p><span class=\"a_GcMg\">\u2714 \u0110\u00e3 \u0111\u01b0\u1ee3c ki\u1ec3m nghi\u1ec7m trong \u0111i\u1ec1u ki\u1ec7n n\u00f3ng \u1ea9m t\u1ea1i Vi\u1ec7t Nam<\/span><\/p>\n\t\t<\/div>\n\t\t\t\t\t<\/div>\n\n\t\n<\/div>\n\t\t<\/div>\n\t\t\t\t\t<\/div>\n\n\t\n<\/div>\n\t\t<\/div>\n\n\t\t\n<style>\n#section_1899781020 {\n  padding-top: 30px;\n  padding-bottom: 30px;\n  background-color: rgb(238, 238, 238);\n}\n#section_1899781020 .ux-shape-divider--top svg {\n  height: 150px;\n  --divider-top-width: 100%;\n}\n#section_1899781020 .ux-shape-divider--bottom svg {\n  height: 150px;\n  --divider-width: 100%;\n}\n<\/style>\n\t<\/section>\n\t\n<div class=\"row\"  id=\"row-1364293857\">\n\n\t<div id=\"col-1329290341\" class=\"col small-12 large-12\"  >\n\t\t\t\t<div class=\"col-inner\"  >\n\t\t\t\n\t\t\t\n<div class=\"accordion\">\n<div id=\"accordion-4248717174\" class=\"accordion-item\"><a id=\"accordion-4248717174-label\" href=\"#\" class=\"accordion-title plain\" aria-expanded=\"false\" aria-controls=\"accordion-4248717174-content\"><button class=\"toggle\" aria-label=\"Toggle\"><i class=\"icon-angle-down\"><\/i><\/button><span>C\u1ea3nh b\u00e1o, l\u01b0u \u00fd khi s\u1eed d\u1ee5ng<\/span><\/a><div id=\"accordion-4248717174-content\" class=\"accordion-inner\" aria-labelledby=\"accordion-4248717174-label\">\n<ul class=\"JS2Zuw\">\n<li class=\"XN6uKA hhtymQ _28USrA GEC0sA yBmzmw\">\n<p class=\"J4GZTQ\"><a href=\"https:\/\/apeironoils.com\/wp-content\/uploads\/2025\/12\/01.1_TDS_CF-4_VN.pdf\"><span class=\"a_GcMg\">Technical Data Sheet (TDS)<\/span><\/a><\/p>\n<\/li>\n<li class=\"XN6uKA hhtymQ _28USrA GEC0sA yBmzmw\">\n<p class=\"J4GZTQ\"><a href=\"https:\/\/apeironoils.com\/wp-content\/uploads\/2025\/12\/01.1_MSTS_CF-4_15W-40_VN.pdf\"><span class=\"a_GcMg\">Material Safety Data Sheet (MSDS) <\/span><\/a><\/p>\n<\/li>\n<\/ul>\n<\/div><\/div>\n<div id=\"accordion-260338185\" class=\"accordion-item\"><a id=\"accordion-260338185-label\" href=\"#\" class=\"accordion-title plain\" aria-expanded=\"false\" aria-controls=\"accordion-260338185-content\"><button class=\"toggle\" aria-label=\"Toggle\"><i class=\"icon-angle-down\"><\/i><\/button><span>Ch\u1ee9ng nh\u1eadn EELQMS l\u00e0 g\u00ec?<\/span><\/a><div id=\"accordion-260338185-content\" class=\"accordion-inner\" aria-labelledby=\"accordion-260338185-label\">\n<ul class=\"JS2Zuw\">\n<li class=\"XN6uKA hhtymQ _28USrA GEC0sA yBmzmw\">\n<p class=\"J4GZTQ\"><span class=\"a_GcMg\">EELQMS (European Engine Lubricants Quality Management System)<\/span> <span class=\"a_GcMg\">l\u00e0 h\u1ec7 th\u1ed1ng ch\u1ee9ng nh\u1eadn qu\u1ea3n l\u00fd ch\u1ea5t l\u01b0\u1ee3ng chuy\u00ean bi\u1ec7t d\u00e0nh cho d\u1ea7u b\u00f4i tr\u01a1n \u0111\u1ed9ng c\u01a1, nh\u1eb1m \u0111\u1ea3m<\/span><span class=\"a_GcMg\"><br \/>\n<\/span><span class=\"a_GcMg\">b\u1ea3o s\u1ef1 \u1ed5n \u0111\u1ecbnh v\u1ec1 ch\u1ea5t l\u01b0\u1ee3ng s\u1ea3n ph\u1ea9m, \u0111\u1ed9 tin c\u1eady v\u00e0 kh\u1ea3 n\u0103ng b\u1ea3o v\u1ec7 \u0111\u1ed9ng c\u01a1.<\/span><\/p>\n<\/li>\n<li class=\"XN6uKA hhtymQ _28USrA GEC0sA yBmzmw\">\n<p class=\"J4GZTQ\"><span class=\"a_GcMg\">C\u00e1c s\u1ea3n ph\u1ea9m\u00a0<\/span><span class=\"a_GcMg\">Apeiron Oils \u0111\u1ea1t chu\u1ea9n CK-4 v\u00e0 CI-4 \u0111\u00e3 \u0111\u01b0\u1ee3c ch\u1ee9ng nh\u1eadn theo h\u1ec7 th\u1ed1ng EELQMS, th\u1ec3 hi\u1ec7n cam k\u1ebft c\u1ee7a ch\u00fang t\u00f4i \u0111\u1ed1i v\u1edbi quy tr\u00ecnh ki\u1ec3m so\u00e1t ch\u1ea5t l\u01b0\u1ee3ng<\/span><span class=\"a_GcMg\"><br \/>\n<\/span><span class=\"a_GcMg\">nghi\u00eam ng\u1eb7t v\u00e0 c\u00e1c ti\u00eau chu\u1ea9n hi\u1ec7u su\u1ea5t qu\u1ed1c t\u1ebf.<\/span><\/p>\n<\/li>\n<\/ul>\n<\/div><\/div>\n<div id=\"accordion-1756217574\" class=\"accordion-item\"><a id=\"accordion-1756217574-label\" href=\"#\" class=\"accordion-title plain\" aria-expanded=\"false\" aria-controls=\"accordion-1756217574-content\"><button class=\"toggle\" aria-label=\"Toggle\"><i class=\"icon-angle-down\"><\/i><\/button><span>T\u00f4i c\u00f3 th\u1ec3 mua h\u00e0ng tr\u1ef1c ti\u1ebfp t\u1ea1i \u0111\u00e2u?<\/span><\/a><div id=\"accordion-1756217574-content\" class=\"accordion-inner\" aria-labelledby=\"accordion-1756217574-label\">\n<ul>\n<li class=\"XN6uKA hhtymQ _28USrA GEC0sA yBmzmw\">\n<p class=\"J4GZTQ\"><span class=\"a_GcMg\">Mua c\u00e1c s\u1ea3n ph\u1ea9m Apeiron Oils b\u1eb1ng c\u00e1ch li\u00ean h\u1ec7 tr\u1ef1c ti\u1ebfp qua fanpage\u00a0<\/span><a href=\"https:\/\/www.facebook.com\/apeironoils\"><strong><span class=\"a_GcMg\">Facebook Apeiron Oils<\/span><\/strong><\/a><span class=\"a_GcMg\">\u00a0<\/span><span class=\"a_GcMg\">ch\u00ednh th\u1ee9c. \u0110\u1ed9i ng\u0169 t\u01b0 v\u1ea5n c\u1ee7a ch\u00fang t\u00f4i lu\u00f4n s\u1eb5n s\u00e0ng h\u1ed7 tr\u1ee3.<\/span><\/p>\n<\/li>\n<\/ul>\n<\/div><\/div>\n<\/div>\n\t\t<\/div>\n\t\t\t\t\t<\/div>\n\n\t\n<\/div>\n","protected":false},"excerpt":{"rendered":"<p>CF-4 l\u00e0 d\u1ea7u nh\u1edbt d\u00e0nh cho xe t\u1ea3i \u0111\u1eddi c\u0169 nh\u01b0ng v\u1eabn ph\u1ea3i ho\u1ea1t \u0111\u1ed9ng h\u1ebft c\u00f4ng su\u1ea5t m\u1ed7i ng\u00e0y. S\u1ea3n ph\u1ea9m \u0111\u01b0\u1ee3c pha ch\u1ebf t\u1eeb d\u1ea7u g\u1ed1c ch\u1ea5t l\u01b0\u1ee3ng c\u00f9ng c\u00e1c ph\u1ee5 gia \u0111\u00fang nhu c\u1ea7u c\u1ee7a \u0111\u1ed9ng c\u01a1. S\u1ea3n ph\u1ea9m \u0111\u00e3 \u0111\u01b0\u1ee3c th\u1eed nghi\u1ec7m trong \u0111i\u1ec1u ki\u1ec7n n\u00f3ng \u1ea9m t\u1ea1i Vi\u1ec7t Nam, CF-4 gi\u00fap \u0111\u1ed9ng c\u01a1 s\u1ea1ch h\u01a1n, m\u00e1t h\u01a1n v\u00e0 v\u1eadn h\u00e0nh b\u1ec1n b\u1ec9 l\u00e2u d\u00e0i, b\u1ea3o v\u1ec7 b\u1ea1n tr\u00ean h\u00e0nh tr\u00ecnh d\u00e0i.<\/p>\n","protected":false},"featured_media":2056,"comment_status":"open","ping_status":"closed","template":"","meta":[],"product_cat":[15,108],"product_tag":[],"class_list":["post-2055","product","type-product","status-publish","has-post-thumbnail","hentry","product_cat-san-pham","product_cat-xe-tai"],"_links":{"self":[{"href":"https:\/\/apeironoils.com\/vi\/wp-json\/wp\/v2\/product\/2055","targetHints":{"allow":["GET"]}}],"collection":[{"href":"https:\/\/apeironoils.com\/vi\/wp-json\/wp\/v2\/product"}],"about":[{"href":"https:\/\/apeironoils.com\/vi\/wp-json\/wp\/v2\/types\/product"}],"replies":[{"embeddable":true,"href":"https:\/\/apeironoils.com\/vi\/wp-json\/wp\/v2\/comments?post=2055"}],"wp:featuredmedia":[{"embeddable":true,"href":"https:\/\/apeironoils.com\/vi\/wp-json\/wp\/v2\/media\/2056"}],"wp:attachment":[{"href":"https:\/\/apeironoils.com\/vi\/wp-json\/wp\/v2\/media?parent=2055"}],"wp:term":[{"taxonomy":"product_cat","embeddable":true,"href":"https:\/\/apeironoils.com\/vi\/wp-json\/wp\/v2\/product_cat?post=2055"},{"taxonomy":"product_tag","embeddable":true,"href":"https:\/\/apeironoils.com\/vi\/wp-json\/wp\/v2\/product_tag?post=2055"}],"curies":[{"name":"wp","href":"https:\/\/api.w.org\/{rel}","templated":true}]}}