{"id":2072,"date":"2025-07-28T08:11:34","date_gmt":"2025-07-28T08:11:34","guid":{"rendered":"https:\/\/apeironoils.com\/?post_type=product&#038;p=2072"},"modified":"2026-02-13T10:43:02","modified_gmt":"2026-02-13T03:43:02","slug":"1-shot-chat-tay-rua-he-thong-nhien-lieu-80ml","status":"publish","type":"product","link":"https:\/\/apeironoils.com\/vi\/san-pham\/1-shot-chat-tay-rua-he-thong-nhien-lieu-80ml","title":{"rendered":"1 Shot Ch\u1ea5t t\u1ea9y r\u1eeda h\u1ec7 th\u1ed1ng nhi\u00ean li\u1ec7u 80ml"},"content":{"rendered":"\t<section class=\"section\" id=\"section_920285476\">\n\t\t<div class=\"bg section-bg fill bg-fill bg-loaded bg-loaded\" >\n\n\t\t\t\n\t\t\t\n\t\t\t\n\n\t\t<\/div>\n\n\t\t\n\n\t\t<div class=\"section-content relative\">\n\t\t\t\n<div class=\"row\"  id=\"row-1781866540\">\n\n\t<div id=\"col-577606346\" class=\"col small-12 large-12\"  >\n\t\t\t\t<div class=\"col-inner\"  >\n\t\t\t\n\t\t\t\n\t<div id=\"text-1638568488\" class=\"text\">\n\t\t\n<h2>WHY YOU LOVE IT<\/h2>\n<p><span class=\"a_GcMg\">1 Shot Fuel System Cleaner l\u00e0 ch\u1ea5t ph\u1ee5 gia l\u00e0m s\u1ea1ch \u0111\u1ed9ng c\u01a1<\/span><\/p>\n\t\t\n<style>\n#text-1638568488 {\n  text-align: center;\n}\n<\/style>\n\t<\/div>\n\t\n<div class=\"row\"  id=\"row-501311567\">\n\n\t<div id=\"col-51808991\" class=\"col medium-6 small-12 large-6\"  >\n\t\t\t\t<div class=\"col-inner\"  >\n\t\t\t\n\t\t\t\n<p class=\"J4GZTQ\"><span class=\"a_GcMg\">\u2714 <span style=\"font-size: 95%;\">L\u00e0m s\u1ea1ch h\u1ec7 th\u1ed1ng nhi\u00ean li\u1ec7u<\/span><\/span><\/p>\n<p class=\"J4GZTQ\"><span class=\"a_GcMg\">\u2714 <span style=\"font-size: 95%;\">Gi\u00fap \u0111\u1ed9ng c\u01a1 v\u1eadn h\u00e0nh \u00eam \u00e1i v\u00e0 m\u01b0\u1ee3t m\u00e0 h\u01a1n<\/span><\/span><\/p>\n\t\t<\/div>\n\t\t\t\t\t<\/div>\n\n\t\n\n\t<div id=\"col-1834725388\" class=\"col medium-6 small-12 large-6\"  >\n\t\t\t\t<div class=\"col-inner\"  >\n\t\t\t\n\t\t\t\n<p class=\"J4GZTQ\"><span class=\"a_GcMg\">\u2714 <span style=\"font-size: 95%;\">Lo\u1ea1i b\u1ecf c\u1eb7n b\u1ea9n<\/span><\/span><\/p>\n<p class=\"J4GZTQ\"><span class=\"a_GcMg\">\u2714 <span style=\"font-size: 95%;\">Gi\u1ea3m m\u1ee9c ti\u00eau hao nhi\u00ean li\u1ec7u<\/span><\/span><\/p>\n\t\t<\/div>\n\t\t\t\t\t<\/div>\n\n\t\n<\/div>\n\t\t<\/div>\n\t\t\t\t\t<\/div>\n\n\t\n<\/div>\n\t\t<\/div>\n\n\t\t\n<style>\n#section_920285476 {\n  padding-top: 30px;\n  padding-bottom: 30px;\n  background-color: rgb(238, 238, 238);\n}\n#section_920285476 .ux-shape-divider--top svg {\n  height: 150px;\n  --divider-top-width: 100%;\n}\n#section_920285476 .ux-shape-divider--bottom svg {\n  height: 150px;\n  --divider-width: 100%;\n}\n<\/style>\n\t<\/section>\n\t\n<div class=\"row\"  id=\"row-1637832198\">\n\n\t<div id=\"col-143703583\" class=\"col small-12 large-12\"  >\n\t\t\t\t<div class=\"col-inner\"  >\n\t\t\t\n\t\t\t\n<div class=\"accordion\">\n<div id=\"accordion-201005958\" class=\"accordion-item\"><a id=\"accordion-201005958-label\" href=\"#\" class=\"accordion-title plain\" aria-expanded=\"false\" aria-controls=\"accordion-201005958-content\"><button class=\"toggle\" aria-label=\"Toggle\"><i class=\"icon-angle-down\"><\/i><\/button><span>C\u1ea3nh b\u00e1o, l\u01b0u \u00fd khi s\u1eed d\u1ee5ng<\/span><\/a><div id=\"accordion-201005958-content\" class=\"accordion-inner\" aria-labelledby=\"accordion-201005958-label\">\n<ul class=\"JS2Zuw\">\n<li class=\"XN6uKA hhtymQ _28USrA GEC0sA yBmzmw\">\n<p class=\"J4GZTQ\"><a href=\"https:\/\/apeironoils.com\/wp-content\/uploads\/2025\/12\/05.1_TDS_1-SHOT-FUEL-SYSTEM-CLEANER_VN.pdf\"><span class=\"a_GcMg\">Technical Data Sheet (TDS)<\/span><\/a><\/p>\n<\/li>\n<li class=\"XN6uKA hhtymQ _28USrA GEC0sA yBmzmw\">\n<p class=\"J4GZTQ\"><a href=\"https:\/\/apeironoils.com\/wp-content\/uploads\/2026\/01\/07.1_MSDS_1-SHOT-FUEL-SYSTEM-CLEANER_VN.pdf\"><span class=\"a_GcMg\">Material Safety Data Sheet (MSDS) <\/span><\/a><\/p>\n<\/li>\n<\/ul>\n<\/div><\/div>\n<div id=\"accordion-1496609481\" class=\"accordion-item\"><a id=\"accordion-1496609481-label\" href=\"#\" class=\"accordion-title plain\" aria-expanded=\"false\" aria-controls=\"accordion-1496609481-content\"><button class=\"toggle\" aria-label=\"Toggle\"><i class=\"icon-angle-down\"><\/i><\/button><span>H\u01b0\u1edbng d\u1eabn s\u1eed d\u1ee5ng<\/span><\/a><div id=\"accordion-1496609481-content\" class=\"accordion-inner\" aria-labelledby=\"accordion-1496609481-label\">\n<ul class=\"JS2Zuw\">\n<li class=\"XN6uKA hhtymQ _28USrA GEC0sA yBmzmw\">\n<p class=\"J4GZTQ\"><span class=\"a_GcMg\">\u0110\u1ed5 1 chai 80 ml v\u00e0o cacte d\u1ea7u nh\u1edbt 0.8L -1L (khoang ch\u1ee9a d\u1ea7u \u0111\u1ed9ng c\u01a1).<\/span><\/p>\n<\/li>\n<li class=\"XN6uKA hhtymQ _28USrA GEC0sA yBmzmw\">\n<p class=\"J4GZTQ\"><span class=\"a_GcMg\">Kh\u1edfi \u0111\u1ed9ng l\u1ea1i v\u00e0 cho xe ch\u1ea1y kh\u00f4ng t\u1ea3i 10\u201315 ph\u00fat \u0111\u1ec3 dung d\u1ecbch l\u00e0m s\u1ea1ch.<\/span><\/p>\n<\/li>\n<li class=\"XN6uKA hhtymQ _28USrA GEC0sA yBmzmw\">\n<p class=\"J4GZTQ\"><span class=\"a_GcMg\">T\u1eaft m\u00e1y, x\u1ea3 to\u00e0n b\u1ed9 d\u1ea7u c\u0169 ra kh\u1ecfi \u0111\u1ed9ng c\u01a1.<\/span><\/p>\n<\/li>\n<li class=\"XN6uKA hhtymQ _28USrA GEC0sA yBmzmw\">\n<p class=\"J4GZTQ\"><span class=\"a_GcMg\">Thay l\u1ecdc d\u1ea7u (n\u1ebfu c\u00f3) v\u00e0 ch\u00e2m d\u1ea7u m\u1edbi theo khuy\u1ebfn c\u00e1o.<\/span><\/p>\n<\/li>\n<\/ul>\n<\/div><\/div>\n<div id=\"accordion-449278799\" class=\"accordion-item\"><a id=\"accordion-449278799-label\" href=\"#\" class=\"accordion-title plain\" aria-expanded=\"false\" aria-controls=\"accordion-449278799-content\"><button class=\"toggle\" aria-label=\"Toggle\"><i class=\"icon-angle-down\"><\/i><\/button><span>T\u00f4i c\u00f3 th\u1ec3 mua h\u00e0ng tr\u1ef1c ti\u1ebfp t\u1ea1i \u0111\u00e2u?<\/span><\/a><div id=\"accordion-449278799-content\" class=\"accordion-inner\" aria-labelledby=\"accordion-449278799-label\">\n<ul>\n<li class=\"XN6uKA hhtymQ _28USrA GEC0sA yBmzmw\">\n<p class=\"J4GZTQ\"><span class=\"a_GcMg\">Mua c\u00e1c s\u1ea3n ph\u1ea9m Apeiron Oils b\u1eb1ng c\u00e1ch li\u00ean h\u1ec7 tr\u1ef1c ti\u1ebfp qua fanpage\u00a0<\/span><a href=\"https:\/\/www.facebook.com\/apeironoils\"><strong><span class=\"a_GcMg\">Facebook Apeiron Oils<\/span><\/strong><\/a><span class=\"a_GcMg\">\u00a0<\/span><span class=\"a_GcMg\">ch\u00ednh th\u1ee9c. \u0110\u1ed9i ng\u0169 t\u01b0 v\u1ea5n c\u1ee7a ch\u00fang t\u00f4i lu\u00f4n s\u1eb5n s\u00e0ng h\u1ed7 tr\u1ee3.<\/span><\/p>\n<\/li>\n<\/ul>\n<\/div><\/div>\n<\/div>\n\t\t<\/div>\n\t\t\t\t\t<\/div>\n\n\t\n<\/div>\n","protected":false},"excerpt":{"rendered":"<p>1 Shot Fuel System Cleaner l\u00e0 ch\u1ea5t ph\u1ee5 gia l\u00e0m s\u1ea1ch \u0111\u1ed9ng c\u01a1 do ch\u00fang t\u00f4i ph\u00e1t tri\u1ec3n, \u0111\u01b0\u1ee3c l\u00e0m t\u1eeb hydrocacbon v\u00e0 h\u1ec7 ph\u1ee5 gia ch\u1ea5t l\u01b0\u1ee3ng. S\u1ea3n ph\u1ea9m \u0111\u01b0\u1ee3c ki\u1ec3m nghi\u1ec7m t\u1ea1i Vi\u1ec7t Nam trong \u0111i\u1ec1u ki\u1ec7n n\u00f3ng \u1ea9m, \u0111\u1ec3 \u0111\u1ea3m b\u1ea3o ph\u00f9 h\u1ee3p v\u1edbi \u0111\u1ed9ng c\u01a1 c\u1ee7a b\u1ea1n. One Shot gi\u00fap gi\u1eef \u0111\u1ed9ng c\u01a1 s\u1ea1ch h\u01a1n, cho m\u00e1y ch\u1ea1y \u00eam v\u00e0 m\u01b0\u1ee3t h\u01a1n, \u0111\u00fang nh\u01b0 n\u00f3 v\u1ed1n n\u00ean nh\u01b0 v\u1eady. \u0110\u00e2y l\u00e0 c\u00e1ch \u0111\u01a1n gi\u1ea3n \u0111\u1ec3 ch\u0103m s\u00f3c chi\u1ebfc xe c\u1ee7a b\u1ea1n.<\/p>\n","protected":false},"featured_media":2772,"comment_status":"open","ping_status":"closed","template":"","meta":[],"product_cat":[15,106,107],"product_tag":[],"class_list":["post-2072","product","type-product","status-publish","has-post-thumbnail","hentry","product_cat-san-pham","product_cat-xe-motor","product_cat-xe-tay-ga"],"_links":{"self":[{"href":"https:\/\/apeironoils.com\/vi\/wp-json\/wp\/v2\/product\/2072","targetHints":{"allow":["GET"]}}],"collection":[{"href":"https:\/\/apeironoils.com\/vi\/wp-json\/wp\/v2\/product"}],"about":[{"href":"https:\/\/apeironoils.com\/vi\/wp-json\/wp\/v2\/types\/product"}],"replies":[{"embeddable":true,"href":"https:\/\/apeironoils.com\/vi\/wp-json\/wp\/v2\/comments?post=2072"}],"wp:featuredmedia":[{"embeddable":true,"href":"https:\/\/apeironoils.com\/vi\/wp-json\/wp\/v2\/media\/2772"}],"wp:attachment":[{"href":"https:\/\/apeironoils.com\/vi\/wp-json\/wp\/v2\/media?parent=2072"}],"wp:term":[{"taxonomy":"product_cat","embeddable":true,"href":"https:\/\/apeironoils.com\/vi\/wp-json\/wp\/v2\/product_cat?post=2072"},{"taxonomy":"product_tag","embeddable":true,"href":"https:\/\/apeironoils.com\/vi\/wp-json\/wp\/v2\/product_tag?post=2072"}],"curies":[{"name":"wp","href":"https:\/\/api.w.org\/{rel}","templated":true}]}}