{"id":2086,"date":"2025-07-29T15:25:24","date_gmt":"2025-07-29T15:25:24","guid":{"rendered":"https:\/\/apeironoils.com\/?post_type=product&#038;p=2086"},"modified":"2026-02-13T10:42:36","modified_gmt":"2026-02-13T03:42:36","slug":"1-lan-xit-rua-dau-dong-co-80ml","status":"publish","type":"product","link":"https:\/\/apeironoils.com\/vi\/san-pham\/1-lan-xit-rua-dau-dong-co-80ml","title":{"rendered":"1 L\u1ea7n X\u1ecbt R\u1eeda D\u1ea7u \u0110\u1ed9ng C\u01a1 80ml"},"content":{"rendered":"\t<section class=\"section\" id=\"section_959531931\">\n\t\t<div class=\"bg section-bg fill bg-fill bg-loaded bg-loaded\" >\n\n\t\t\t\n\t\t\t\n\t\t\t\n\n\t\t<\/div>\n\n\t\t\n\n\t\t<div class=\"section-content relative\">\n\t\t\t\n<div class=\"row\"  id=\"row-966394699\">\n\n\t<div id=\"col-567012873\" class=\"col small-12 large-12\"  >\n\t\t\t\t<div class=\"col-inner\"  >\n\t\t\t\n\t\t\t\n\t<div id=\"text-1549962945\" class=\"text\">\n\t\t\n<h2>WHY YOU LOVE IT<\/h2>\n<p>1 Shot Engine Oil Flush l\u00e0 ph\u1ee5 gia l\u00e0m s\u1ea1ch \u0111\u1ed9ng c\u01a1 c\u1ee7a b\u1ea1n ch\u1ec9 trong 10 ph\u00fat<\/p>\n\t\t\n<style>\n#text-1549962945 {\n  text-align: center;\n}\n<\/style>\n\t<\/div>\n\t\n<div class=\"row\"  id=\"row-1540948422\">\n\n\t<div id=\"col-966530514\" class=\"col medium-6 small-12 large-6\"  >\n\t\t\t\t<div class=\"col-inner\"  >\n\t\t\t\n\t\t\t\n<p class=\"J4GZTQ\"><span class=\"a_GcMg\">\u2714 <span style=\"font-size: 95%;\">Gi\u00fap \u0111\u1ed9ng c\u01a1 s\u1ea1ch h\u01a1n, ch\u1ea1y \u00eam v\u00e0 m\u01b0\u1ee3t h\u01a1n<\/span><\/span><\/p>\n<p class=\"J4GZTQ\"><span class=\"a_GcMg\">\u2714 <\/span><span class=\"a_GcMg\" style=\"font-size: 95%;\">An to\u00e0n v\u00e0 ph\u00f9 h\u1ee3p v\u1edbi m\u1ecdi lo\u1ea1i d\u1ea7u nh\u1edbt<\/span><\/p>\n\t\t<\/div>\n\t\t\t\t\t<\/div>\n\n\t\n\n\t<div id=\"col-243851984\" class=\"col medium-6 small-12 large-6\"  >\n\t\t\t\t<div class=\"col-inner\"  >\n\t\t\t\n\t\t\t\n<p class=\"J4GZTQ\"><span class=\"a_GcMg\">\u2714 <span style=\"font-size: 95%;\">Lo\u1ea1i b\u1ecf c\u1eb7n b\u1ea9n v\u00e0 b\u1ee5i b\u00e1m<\/span><\/span><\/p>\n<p class=\"J4GZTQ\"><span class=\"a_GcMg\">\u2714 <span style=\"font-size: 95%;\">H\u1ea1n ch\u1ebf ti\u00eau hao d\u1ea7u nh\u1edbt v\u00e0 nhi\u00ean li\u1ec7u<\/span><\/span><\/p>\n\t\t<\/div>\n\t\t\t\t\t<\/div>\n\n\t\n<\/div>\n\t\t<\/div>\n\t\t\t\t\t<\/div>\n\n\t\n<\/div>\n\t\t<\/div>\n\n\t\t\n<style>\n#section_959531931 {\n  padding-top: 30px;\n  padding-bottom: 30px;\n  background-color: rgb(238, 238, 238);\n}\n#section_959531931 .ux-shape-divider--top svg {\n  height: 150px;\n  --divider-top-width: 100%;\n}\n#section_959531931 .ux-shape-divider--bottom svg {\n  height: 150px;\n  --divider-width: 100%;\n}\n<\/style>\n\t<\/section>\n\t\n<div class=\"row\"  id=\"row-751921107\">\n\n\t<div id=\"col-577645357\" class=\"col small-12 large-12\"  >\n\t\t\t\t<div class=\"col-inner\"  >\n\t\t\t\n\t\t\t\n<div class=\"accordion\">\n<div id=\"accordion-338242707\" class=\"accordion-item\"><a id=\"accordion-338242707-label\" href=\"#\" class=\"accordion-title plain\" aria-expanded=\"false\" aria-controls=\"accordion-338242707-content\"><button class=\"toggle\" aria-label=\"Toggle\"><i class=\"icon-angle-down\"><\/i><\/button><span>C\u1ea3nh b\u00e1o, l\u01b0u \u00fd khi s\u1eed d\u1ee5ng<\/span><\/a><div id=\"accordion-338242707-content\" class=\"accordion-inner\" aria-labelledby=\"accordion-338242707-label\">\n<ul class=\"JS2Zuw\">\n<li class=\"XN6uKA hhtymQ _28USrA GEC0sA yBmzmw\">\n<p class=\"J4GZTQ\"><a href=\"https:\/\/apeironoils.com\/wp-content\/uploads\/2026\/01\/06.1_TDS_1-SHOT-ENGINE-OIL-FLUSH_VN.pdf\"><span class=\"a_GcMg\">Technical Data Sheet (TDS)<\/span><\/a><\/p>\n<\/li>\n<li class=\"XN6uKA hhtymQ _28USrA GEC0sA yBmzmw\">\n<p class=\"J4GZTQ\"><a href=\"https:\/\/apeironoils.com\/wp-content\/uploads\/2026\/01\/08.1_MSDS_1-SHOT-ENGINE-OIL-FLUSH_VN.pdf\"><span class=\"a_GcMg\">Material Safety Data Sheet (MSDS) <\/span><\/a><\/p>\n<\/li>\n<\/ul>\n<\/div><\/div>\n<div id=\"accordion-2178319667\" class=\"accordion-item\"><a id=\"accordion-2178319667-label\" href=\"#\" class=\"accordion-title plain\" aria-expanded=\"false\" aria-controls=\"accordion-2178319667-content\"><button class=\"toggle\" aria-label=\"Toggle\"><i class=\"icon-angle-down\"><\/i><\/button><span>H\u01b0\u1edbng d\u1eabn s\u1eed d\u1ee5ng<\/span><\/a><div id=\"accordion-2178319667-content\" class=\"accordion-inner\" aria-labelledby=\"accordion-2178319667-label\">\n<ul class=\"JS2Zuw\">\n<li class=\"XN6uKA hhtymQ _28USrA GEC0sA yBmzmw\">\n<p class=\"J4GZTQ\"><span class=\"a_GcMg\">\u0110\u1ed5 1 chai 80 ml v\u00e0o cacte d\u1ea7u nh\u1edbt 0.8L -1L (khoang ch\u1ee9a d\u1ea7u \u0111\u1ed9ng c\u01a1).<\/span><\/p>\n<\/li>\n<li class=\"XN6uKA hhtymQ _28USrA GEC0sA yBmzmw\">\n<p class=\"J4GZTQ\"><span class=\"a_GcMg\">Kh\u1edfi \u0111\u1ed9ng l\u1ea1i v\u00e0 cho xe ch\u1ea1y kh\u00f4ng t\u1ea3i 10\u201315 ph\u00fat \u0111\u1ec3 dung d\u1ecbch l\u00e0m s\u1ea1ch.<\/span><\/p>\n<\/li>\n<li class=\"XN6uKA hhtymQ _28USrA GEC0sA yBmzmw\">\n<p class=\"J4GZTQ\"><span class=\"a_GcMg\">T\u1eaft m\u00e1y, x\u1ea3 to\u00e0n b\u1ed9 d\u1ea7u c\u0169 ra kh\u1ecfi \u0111\u1ed9ng c\u01a1.<\/span><\/p>\n<\/li>\n<li class=\"XN6uKA hhtymQ _28USrA GEC0sA yBmzmw\">\n<p class=\"J4GZTQ\"><span class=\"a_GcMg\">Thay l\u1ecdc d\u1ea7u (n\u1ebfu c\u00f3) v\u00e0 ch\u00e2m d\u1ea7u m\u1edbi theo khuy\u1ebfn c\u00e1o.<\/span><\/p>\n<\/li>\n<\/ul>\n<\/div><\/div>\n<div id=\"accordion-3845969336\" class=\"accordion-item\"><a id=\"accordion-3845969336-label\" href=\"#\" class=\"accordion-title plain\" aria-expanded=\"false\" aria-controls=\"accordion-3845969336-content\"><button class=\"toggle\" aria-label=\"Toggle\"><i class=\"icon-angle-down\"><\/i><\/button><span>T\u00f4i c\u00f3 th\u1ec3 mua h\u00e0ng tr\u1ef1c ti\u1ebfp t\u1ea1i \u0111\u00e2u?<\/span><\/a><div id=\"accordion-3845969336-content\" class=\"accordion-inner\" aria-labelledby=\"accordion-3845969336-label\">\n<ul>\n<li class=\"XN6uKA hhtymQ _28USrA GEC0sA yBmzmw\">\n<p class=\"J4GZTQ\"><span class=\"a_GcMg\">Mua c\u00e1c s\u1ea3n ph\u1ea9m Apeiron Oils b\u1eb1ng c\u00e1ch li\u00ean h\u1ec7 tr\u1ef1c ti\u1ebfp qua fanpage\u00a0<\/span><a href=\"https:\/\/www.facebook.com\/apeironoils\"><strong><span class=\"a_GcMg\">Facebook Apeiron Oils<\/span><\/strong><\/a><span class=\"a_GcMg\">\u00a0<\/span><span class=\"a_GcMg\">ch\u00ednh th\u1ee9c. \u0110\u1ed9i ng\u0169 t\u01b0 v\u1ea5n c\u1ee7a ch\u00fang t\u00f4i lu\u00f4n s\u1eb5n s\u00e0ng h\u1ed7 tr\u1ee3.<\/span><\/p>\n<\/li>\n<\/ul>\n<\/div><\/div>\n<\/div>\n\t\t<\/div>\n\t\t\t\t\t<\/div>\n\n\t\n<\/div>\n","protected":false},"excerpt":{"rendered":"<p>1 Shot Engine Oil Flush l\u00e0 ph\u1ee5 gia gi\u00fap l\u00e0m s\u1ea1ch b\u00ean trong \u0111\u1ed9ng c\u01a1. Ch\u1ec9<br \/>\nc\u1ea7n \u0111\u1ed5 1 shot v\u00e0o d\u1ea7u \u0111\u1ed9ng c\u01a1, sau \u0111\u00f3 \u0111\u1ec3 \u0111\u1ed9ng c\u01a1 ch\u1ea1y kh\u00f4ng t\u1ea3i (n\u1ed5<br \/>\nm\u00e1y t\u1ea1i ch\u1ed7) trong v\u00f2ng 10 ph\u00fat, x\u1ea3 b\u1ecf, thay l\u1ecdc v\u00e0 thay nh\u1edbt m\u1edbi theo<br \/>\nkhuy\u1ebfn ngh\u1ecb.<\/p>\n<p>Ch\u00fang t\u00f4i kh\u00f4ng l\u00e0m ph\u1ee9c t\u1ea1p h\u00f3a v\u1ea5n \u0111\u1ec1, kh\u00f4ng qu\u1ea3ng c\u00e1o ph\u00f4 tr\u01b0\u01a1ng,<br \/>\nkh\u00f4ng th\u00eam th\u1eaft d\u01b0 th\u1eeba, ch\u1ec9 l\u00e0 nh\u1eefng th\u00e0nh ph\u1ea7n ph\u1ee5 gia ch\u1ea5t l\u01b0\u1ee3ng.<br \/>\nS\u1ea3n ph\u1ea9m \u0111\u01b0\u1ee3c th\u1eed nghi\u1ec7m th\u1ef1c t\u1ebf t\u1ea1i Vi\u1ec7t Nam, trong \u0111i\u1ec1u ki\u1ec7n n\u00f3ng<br \/>\nv\u00e0 \u1ea9m, \u0111\u1ec3 \u0111\u1ea3m b\u1ea3o ph\u00f9 h\u1ee3p.<\/p>\n","protected":false},"featured_media":2768,"comment_status":"open","ping_status":"closed","template":"","meta":[],"product_cat":[15,106,107],"product_tag":[],"class_list":["post-2086","product","type-product","status-publish","has-post-thumbnail","hentry","product_cat-san-pham","product_cat-xe-motor","product_cat-xe-tay-ga"],"_links":{"self":[{"href":"https:\/\/apeironoils.com\/vi\/wp-json\/wp\/v2\/product\/2086","targetHints":{"allow":["GET"]}}],"collection":[{"href":"https:\/\/apeironoils.com\/vi\/wp-json\/wp\/v2\/product"}],"about":[{"href":"https:\/\/apeironoils.com\/vi\/wp-json\/wp\/v2\/types\/product"}],"replies":[{"embeddable":true,"href":"https:\/\/apeironoils.com\/vi\/wp-json\/wp\/v2\/comments?post=2086"}],"wp:featuredmedia":[{"embeddable":true,"href":"https:\/\/apeironoils.com\/vi\/wp-json\/wp\/v2\/media\/2768"}],"wp:attachment":[{"href":"https:\/\/apeironoils.com\/vi\/wp-json\/wp\/v2\/media?parent=2086"}],"wp:term":[{"taxonomy":"product_cat","embeddable":true,"href":"https:\/\/apeironoils.com\/vi\/wp-json\/wp\/v2\/product_cat?post=2086"},{"taxonomy":"product_tag","embeddable":true,"href":"https:\/\/apeironoils.com\/vi\/wp-json\/wp\/v2\/product_tag?post=2086"}],"curies":[{"name":"wp","href":"https:\/\/api.w.org\/{rel}","templated":true}]}}