{"id":2126,"date":"2025-11-12T03:50:56","date_gmt":"2025-11-12T03:50:56","guid":{"rendered":"https:\/\/apeironoils.com\/?post_type=product&#038;p=2126"},"modified":"2026-02-13T10:42:23","modified_gmt":"2026-02-13T03:42:23","slug":"1-shot-fuel-stabilizer-50-ml","status":"publish","type":"product","link":"https:\/\/apeironoils.com\/vi\/san-pham\/1-shot-fuel-stabilizer-50-ml","title":{"rendered":"1 Shot Fuel Stabilizer &#8211; 50 ml"},"content":{"rendered":"\t<section class=\"section\" id=\"section_1860771926\">\n\t\t<div class=\"bg section-bg fill bg-fill bg-loaded bg-loaded\" >\n\n\t\t\t\n\t\t\t\n\t\t\t\n\n\t\t<\/div>\n\n\t\t\n\n\t\t<div class=\"section-content relative\">\n\t\t\t\n<div class=\"row\"  id=\"row-596547960\">\n\n\t<div id=\"col-680574688\" class=\"col small-12 large-12\"  >\n\t\t\t\t<div class=\"col-inner\"  >\n\t\t\t\n\t\t\t\n\t<div id=\"text-3904781118\" class=\"text\">\n\t\t\n<h2>WHY YOU LOVE IT<\/h2>\n<p>1 Shot Fuel Stabilizer Gasoline &amp; Ethanol s\u1eed d\u1ee5ng c\u00f4ng ngh\u1ec7 ph\u1ee5 gia ch\u1ed1ng oxy h\u00f3a v\u00e0<br \/>\nch\u1ed1ng \u1ea9m ti\u00ean ti\u1ebfn, gi\u00fap \u1ed5n \u0111\u1ecbnh nhi\u00ean li\u1ec7u<br \/>\n\t\t\n<style>\n#text-3904781118 {\n  text-align: center;\n}\n<\/style>\n\t<\/div>\n\t\n<div class=\"row\"  id=\"row-1893784237\">\n\n\t<div id=\"col-814129778\" class=\"col medium-6 small-12 large-6\"  >\n\t\t\t\t<div class=\"col-inner\"  >\n\t\t\t\n\t\t\t\n<p class=\"J4GZTQ\"><span class=\"a_GcMg\">\u2714 Gi\u00fap k\u00e9o d\u00e0i tu\u1ed5i th\u1ecd \u0111\u1ed9ng c\u01a1<\/span><\/p>\n<p class=\"J4GZTQ\"><span class=\"a_GcMg\">\u2714 Lo\u1ea1i b\u1ecf c\u1eb7n b\u1ea9n t\u00edch t\u1ee5<\/span><\/p>\n\t\t<\/div>\n\t\t\t\t\t<\/div>\n\n\t\n\n\t<div id=\"col-1397572534\" class=\"col medium-6 small-12 large-6\"  >\n\t\t\t\t<div class=\"col-inner\"  >\n\t\t\t\n\t\t\t\n<p class=\"J4GZTQ\"><span class=\"a_GcMg\">\u2714 L\u00e0m s\u1ea1ch h\u1ec7 th\u1ed1ng nhi\u00ean li\u1ec7u hi\u1ec7u qu\u1ea3<\/span><\/p>\n<p class=\"J4GZTQ\"><span class=\"a_GcMg\">\u2714 Gi\u00fap xe kh\u1edfi \u0111\u1ed9ng nhanh v\u00e0 d\u1ec5 d\u00e0ng<\/span><\/p>\n\t\t<\/div>\n\t\t\t\t\t<\/div>\n\n\t\n<\/div>\n\t\t<\/div>\n\t\t\t\t\t<\/div>\n\n\t\n<\/div>\n\t\t<\/div>\n\n\t\t\n<style>\n#section_1860771926 {\n  padding-top: 30px;\n  padding-bottom: 30px;\n  background-color: rgb(238, 238, 238);\n}\n#section_1860771926 .ux-shape-divider--top svg {\n  height: 150px;\n  --divider-top-width: 100%;\n}\n#section_1860771926 .ux-shape-divider--bottom svg {\n  height: 150px;\n  --divider-width: 100%;\n}\n<\/style>\n\t<\/section>\n\t\n<div class=\"row\"  id=\"row-1215521302\">\n\n\t<div id=\"col-2016185944\" class=\"col small-12 large-12\"  >\n\t\t\t\t<div class=\"col-inner\"  >\n\t\t\t\n\t\t\t\n<div class=\"accordion\">\n<div id=\"accordion-3188499779\" class=\"accordion-item\"><a id=\"accordion-3188499779-label\" href=\"#\" class=\"accordion-title plain\" aria-expanded=\"false\" aria-controls=\"accordion-3188499779-content\"><button class=\"toggle\" aria-label=\"Toggle\"><i class=\"icon-angle-down\"><\/i><\/button><span>C\u1ea3nh b\u00e1o, l\u01b0u \u00fd khi s\u1eed d\u1ee5ng<\/span><\/a><div id=\"accordion-3188499779-content\" class=\"accordion-inner\" aria-labelledby=\"accordion-3188499779-label\">\n<ul class=\"JS2Zuw\">\n<li class=\"XN6uKA hhtymQ _28USrA GEC0sA yBmzmw\">\n<p class=\"J4GZTQ\"><a href=\"https:\/\/apeironoils.com\/wp-content\/uploads\/2025\/12\/04.1_TDS_1-SHOT-FUEL-STABILIZER_VN.pdf\"><span class=\"a_GcMg\">Technical Data Sheet (TDS)<\/span><\/a><\/p>\n<\/li>\n<li class=\"XN6uKA hhtymQ _28USrA GEC0sA yBmzmw\">\n<p class=\"J4GZTQ\"><a href=\"https:\/\/apeironoils.com\/wp-content\/uploads\/2026\/01\/06.1_MSDS_1-SHOT-FUEL-STABILIZER_VN.pdf\"><span class=\"a_GcMg\">Material Safety Data Sheet (MSDS) <\/span><\/a><\/p>\n<\/li>\n<\/ul>\n<\/div><\/div>\n<div id=\"accordion-84584135\" class=\"accordion-item\"><a id=\"accordion-84584135-label\" href=\"#\" class=\"accordion-title plain\" aria-expanded=\"false\" aria-controls=\"accordion-84584135-content\"><button class=\"toggle\" aria-label=\"Toggle\"><i class=\"icon-angle-down\"><\/i><\/button><span>H\u01b0\u1edbng d\u1eabn s\u1eed d\u1ee5ng<\/span><\/a><div id=\"accordion-84584135-content\" class=\"accordion-inner\" aria-labelledby=\"accordion-84584135-label\">\n<ul class=\"JS2Zuw\">\n<li class=\"XN6uKA hhtymQ _28USrA GEC0sA yBmzmw\">\n<p class=\"J4GZTQ\"><span class=\"a_GcMg\">\u0110\u1ed5 1 chai 80 ml v\u00e0o cacte d\u1ea7u nh\u1edbt 0.8L -1L (khoang ch\u1ee9a d\u1ea7u \u0111\u1ed9ng c\u01a1).<\/span><\/p>\n<\/li>\n<li class=\"XN6uKA hhtymQ _28USrA GEC0sA yBmzmw\">\n<p class=\"J4GZTQ\"><span class=\"a_GcMg\">Kh\u1edfi \u0111\u1ed9ng l\u1ea1i v\u00e0 cho xe ch\u1ea1y kh\u00f4ng t\u1ea3i 10\u201315 ph\u00fat \u0111\u1ec3 dung d\u1ecbch l\u00e0m s\u1ea1ch.<\/span><\/p>\n<\/li>\n<li class=\"XN6uKA hhtymQ _28USrA GEC0sA yBmzmw\">\n<p class=\"J4GZTQ\"><span class=\"a_GcMg\">T\u1eaft m\u00e1y, x\u1ea3 to\u00e0n b\u1ed9 d\u1ea7u c\u0169 ra kh\u1ecfi \u0111\u1ed9ng c\u01a1.<\/span><\/p>\n<\/li>\n<li class=\"XN6uKA hhtymQ _28USrA GEC0sA yBmzmw\">\n<p class=\"J4GZTQ\"><span class=\"a_GcMg\">Thay l\u1ecdc d\u1ea7u (n\u1ebfu c\u00f3) v\u00e0 ch\u00e2m d\u1ea7u m\u1edbi theo khuy\u1ebfn c\u00e1o.<\/span><\/p>\n<\/li>\n<\/ul>\n<\/div><\/div>\n<div id=\"accordion-1795431689\" class=\"accordion-item\"><a id=\"accordion-1795431689-label\" href=\"#\" class=\"accordion-title plain\" aria-expanded=\"false\" aria-controls=\"accordion-1795431689-content\"><button class=\"toggle\" aria-label=\"Toggle\"><i class=\"icon-angle-down\"><\/i><\/button><span>T\u00f4i c\u00f3 th\u1ec3 mua h\u00e0ng tr\u1ef1c ti\u1ebfp t\u1ea1i \u0111\u00e2u?<\/span><\/a><div id=\"accordion-1795431689-content\" class=\"accordion-inner\" aria-labelledby=\"accordion-1795431689-label\">\n<ul class=\"JS2Zuw\">\n<li class=\"XN6uKA hhtymQ _28USrA GEC0sA yBmzmw\">\n<p class=\"J4GZTQ\"><span class=\"a_GcMg\">Mua c\u00e1c s\u1ea3n ph\u1ea9m Apeiron Oils b\u1eb1ng c\u00e1ch li\u00ean h\u1ec7 tr\u1ef1c ti\u1ebfp qua fanpage\u00a0<\/span><a href=\"https:\/\/www.facebook.com\/apeironoils\"><strong><span class=\"a_GcMg\">Facebook Apeiron Oils<\/span><\/strong><\/a><span class=\"a_GcMg\">\u00a0<\/span><span class=\"a_GcMg\">ch\u00ednh th\u1ee9c. \u0110\u1ed9i ng\u0169 t\u01b0 v\u1ea5n c\u1ee7a ch\u00fang t\u00f4i lu\u00f4n s\u1eb5n s\u00e0ng h\u1ed7 tr\u1ee3.<\/span><\/p>\n<\/li>\n<\/ul>\n<\/div><\/div>\n<\/div>\n\t\t<\/div>\n\t\t\t\t\t<\/div>\n\n\t\n<\/div>\n","protected":false},"excerpt":{"rendered":"<p>1 Shot Fuel Stabilizer Gasoline &amp; Ethanol s\u1eed d\u1ee5ng c\u00f4ng ngh\u1ec7 ph\u1ee5 gia ch\u1ed1ng oxy h\u00f3a v\u00e0 ch\u1ed1ng \u1ea9m ti\u00ean ti\u1ebfn, gi\u00fap \u1ed5n \u0111\u1ecbnh nhi\u00ean li\u1ec7u, ng\u0103n t\u00e1ch n\u01b0\u1edbc, gi\u1ea3m \u0103n m\u00f2n v\u00e0 gi\u1eef kh\u1ea3 n\u0103ng \u0111\u1ed1t ch\u00e1y \u1ed5n \u0111\u1ecbnh. S\u1ea3n ph\u1ea9m \u0111\u01b0\u1ee3c th\u1eed nghi\u1ec7m t\u1ea1i Vi\u1ec7t Nam, gi\u00fap l\u00e0m s\u1ea1ch h\u1ec7 th\u1ed1ng nhi\u00ean li\u1ec7u v\u00e0 kh\u1edfi \u0111\u1ed9ng nhanh, d\u1ec5 d\u00e0ng.<\/p>\n","protected":false},"featured_media":2770,"comment_status":"open","ping_status":"closed","template":"","meta":[],"product_cat":[15,106,107],"product_tag":[],"class_list":["post-2126","product","type-product","status-publish","has-post-thumbnail","hentry","product_cat-san-pham","product_cat-xe-motor","product_cat-xe-tay-ga"],"_links":{"self":[{"href":"https:\/\/apeironoils.com\/vi\/wp-json\/wp\/v2\/product\/2126","targetHints":{"allow":["GET"]}}],"collection":[{"href":"https:\/\/apeironoils.com\/vi\/wp-json\/wp\/v2\/product"}],"about":[{"href":"https:\/\/apeironoils.com\/vi\/wp-json\/wp\/v2\/types\/product"}],"replies":[{"embeddable":true,"href":"https:\/\/apeironoils.com\/vi\/wp-json\/wp\/v2\/comments?post=2126"}],"wp:featuredmedia":[{"embeddable":true,"href":"https:\/\/apeironoils.com\/vi\/wp-json\/wp\/v2\/media\/2770"}],"wp:attachment":[{"href":"https:\/\/apeironoils.com\/vi\/wp-json\/wp\/v2\/media?parent=2126"}],"wp:term":[{"taxonomy":"product_cat","embeddable":true,"href":"https:\/\/apeironoils.com\/vi\/wp-json\/wp\/v2\/product_cat?post=2126"},{"taxonomy":"product_tag","embeddable":true,"href":"https:\/\/apeironoils.com\/vi\/wp-json\/wp\/v2\/product_tag?post=2126"}],"curies":[{"name":"wp","href":"https:\/\/api.w.org\/{rel}","templated":true}]}}